{"id":2716,"date":"2026-01-21T05:14:41","date_gmt":"2026-01-21T10:14:41","guid":{"rendered":"https:\/\/juliduque.com\/?page_id=2716"},"modified":"2026-03-08T12:14:01","modified_gmt":"2026-03-08T17:14:01","slug":"sobre-mi","status":"publish","type":"page","link":"https:\/\/juliduque.com\/en\/sobre-mi\/","title":{"rendered":"Sobre mi"},"content":{"rendered":"<div data-elementor-type=\"wp-page\" data-elementor-id=\"2716\" class=\"elementor elementor-2716\" data-elementor-post-type=\"page\">\n\t\t\t\t<div class=\"elementor-element elementor-element-5d71590 e-con-full e-flex e-con e-parent\" data-id=\"5d71590\" data-element_type=\"container\" data-e-type=\"container\" data-settings=\"{&quot;background_background&quot;:&quot;classic&quot;}\">\n\t\t<div class=\"elementor-element elementor-element-5007824 e-con-full e-flex e-con e-child\" data-id=\"5007824\" data-element_type=\"container\" data-e-type=\"container\">\n\t\t\t\t<div class=\"elementor-element elementor-element-8e07385 elementor-widget elementor-widget-heading\" data-id=\"8e07385\" data-element_type=\"widget\" data-e-type=\"widget\" data-widget_type=\"heading.default\">\n\t\t\t\t\t<h2 class=\"elementor-heading-title elementor-size-default\">CONOCE MAS SOBRE<\/h2>\t\t\t\t<\/div>\n\t\t\t\t<div class=\"elementor-element elementor-element-29fe318 elementor-widget elementor-widget-heading\" data-id=\"29fe318\" data-element_type=\"widget\" data-e-type=\"widget\" data-widget_type=\"heading.default\">\n\t\t\t\t\t<h2 class=\"elementor-heading-title elementor-size-default\">JulianaDuque<\/h2>\t\t\t\t<\/div>\n\t\t\t\t<\/div>\n\t\t\t\t<\/div>\n\t\t<div class=\"elementor-element elementor-element-b374ea4 e-con-full e-flex e-con e-parent\" data-id=\"b374ea4\" data-element_type=\"container\" data-e-type=\"container\" data-settings=\"{&quot;background_background&quot;:&quot;classic&quot;}\">\n\t\t<div class=\"elementor-element elementor-element-761550f e-con-full e-flex e-con e-child\" data-id=\"761550f\" data-element_type=\"container\" data-e-type=\"container\">\n\t\t\t\t<div class=\"elementor-element elementor-element-f9f55a6 elementor-widget elementor-widget-text-editor\" data-id=\"f9f55a6\" data-element_type=\"widget\" data-e-type=\"widget\" data-widget_type=\"text-editor.default\">\n\t\t\t\t\t\t\t\t\t<p data-start=\"330\" data-end=\"489\">Soy Juliana Duque, y si est\u00e1s aqu\u00ed, es porque sabes que est\u00e1s lista para tu siguiente nivel: m\u00e1s conexi\u00f3n contigo, m\u00e1s equilibrio y una relaci\u00f3n diferente con tu cuerpo.<\/p><p data-start=\"491\" data-end=\"731\">Durante a\u00f1os viv\u00ed entre extremos: dietas restrictivas, atracones y ejercicio como castigo. Por fuera parec\u00eda disciplina, pero por dentro me sent\u00eda desconectada. Mi cuerpo empez\u00f3 a reflejarlo: inflamaci\u00f3n, fatiga y desequilibrios hormonales.<\/p><p data-start=\"733\" data-end=\"848\">Hasta que entend\u00ed algo que lo cambi\u00f3 todo:<br data-start=\"775\" data-end=\"778\" \/><strong>El problema no era mi cuerpo, sino la forma en que lo estaba tratando.<\/strong><\/p><p data-start=\"850\" data-end=\"884\">Ese fue el inicio de mi nueva era.<\/p><p data-start=\"886\" data-end=\"1193\">Dej\u00e9 de perseguir un cuerpo perfecto y empec\u00e9 a construir un cuerpo consciente, fuerte y alineado con mi energ\u00eda. As\u00ed naci\u00f3 <strong data-start=\"1010\" data-end=\"1020\">Senfit:\u00a0<\/strong>una transformaci\u00f3n que va m\u00e1s all\u00e1 de lo f\u00edsico, donde entrenas con intenci\u00f3n, comes sin restriccion, equilibras tus hormonas y reconectas con tu poder.<\/p><p data-start=\"1195\" data-end=\"1291\">Porque cuando una mujer entra en su nueva era,<br data-start=\"1241\" data-end=\"1244\" \/>no solo cambia su cuerpo\u2026<br data-start=\"1269\" data-end=\"1272\" \/><strong>cambia su historia.<\/strong><\/p>\t\t\t\t\t\t\t\t<\/div>\n\t\t\t\t<div class=\"elementor-element elementor-element-86d47a7 elementor-widget__width-initial elementor-widget elementor-widget-image\" data-id=\"86d47a7\" data-element_type=\"widget\" data-e-type=\"widget\" data-widget_type=\"image.default\">\n\t\t\t\t\t\t\t\t\t\t\t\t\t\t\t<img decoding=\"async\" width=\"300\" height=\"100\" src=\"https:\/\/juliduque.com\/wp-content\/uploads\/2026\/01\/firma-final.jpg\" class=\"attachment-full size-full wp-image-2747\" alt=\"\" \/>\t\t\t\t\t\t\t\t\t\t\t\t\t\t\t<\/div>\n\t\t\t\t<\/div>\n\t\t<div class=\"elementor-element elementor-element-b29fb81 e-flex e-con-boxed e-con e-child\" data-id=\"b29fb81\" data-element_type=\"container\" data-e-type=\"container\">\n\t\t\t\t\t<div class=\"e-con-inner\">\n\t\t\t\t<div class=\"elementor-element elementor-element-77db4c4 elementor-widget elementor-widget-image\" data-id=\"77db4c4\" data-element_type=\"widget\" data-e-type=\"widget\" data-widget_type=\"image.default\">\n\t\t\t\t\t\t\t\t\t\t\t\t\t\t\t<img fetchpriority=\"high\" decoding=\"async\" width=\"788\" height=\"1024\" src=\"https:\/\/juliduque.com\/wp-content\/uploads\/2026\/03\/DSC5721-1-788x1024.jpg\" class=\"attachment-large size-large wp-image-3052\" alt=\"\" srcset=\"https:\/\/juliduque.com\/wp-content\/uploads\/2026\/03\/DSC5721-1-788x1024.jpg 788w, https:\/\/juliduque.com\/wp-content\/uploads\/2026\/03\/DSC5721-1-231x300.jpg 231w, https:\/\/juliduque.com\/wp-content\/uploads\/2026\/03\/DSC5721-1-768x998.jpg 768w, https:\/\/juliduque.com\/wp-content\/uploads\/2026\/03\/DSC5721-1-1183x1536.jpg 1183w, https:\/\/juliduque.com\/wp-content\/uploads\/2026\/03\/DSC5721-1-1577x2048.jpg 1577w, https:\/\/juliduque.com\/wp-content\/uploads\/2026\/03\/DSC5721-1-600x779.jpg 600w, https:\/\/juliduque.com\/wp-content\/uploads\/2026\/03\/DSC5721-1-scaled.jpg 1971w\" sizes=\"(max-width: 788px) 100vw, 788px\" \/>\t\t\t\t\t\t\t\t\t\t\t\t\t\t\t<\/div>\n\t\t\t\t\t<\/div>\n\t\t\t\t<\/div>\n\t\t\t\t<\/div>\n\t\t<div class=\"elementor-element elementor-element-90d7c33 e-con-full e-flex e-con e-parent\" data-id=\"90d7c33\" data-element_type=\"container\" data-e-type=\"container\" data-settings=\"{&quot;background_background&quot;:&quot;classic&quot;}\">\n\t\t<div class=\"elementor-element elementor-element-676e0db e-con-full e-flex e-con e-child\" data-id=\"676e0db\" data-element_type=\"container\" data-e-type=\"container\">\n\t\t\t\t<div class=\"elementor-element elementor-element-5beaba5 elementor-widget elementor-widget-heading\" data-id=\"5beaba5\" data-element_type=\"widget\" data-e-type=\"widget\" data-widget_type=\"heading.default\">\n\t\t\t\t\t<h2 class=\"elementor-heading-title elementor-size-default\">Precio de lanzamiento<br>Pago unico $29,99 USD<\/h2>\t\t\t\t<\/div>\n\t\t\t\t<div class=\"elementor-element elementor-element-6bd2091 elementor-widget elementor-widget-text-editor\" data-id=\"6bd2091\" data-element_type=\"widget\" data-e-type=\"widget\" data-widget_type=\"text-editor.default\">\n\t\t\t\t\t\t\t\t\t<p>POR $1 USD AL DIA ACCEDES A:\u00a0<\/p><p>-Entrenamientos creados para el cuerpo femenino.<\/p><p>-Guia nutricional para bajar tu % de grasa sin morirte de hambre.<\/p><p>-Acompa\u00f1amiento y coaching durante todo el entrenamiento.<\/p><p>-Material educativo con enfoque femenino y hormonal.<\/p><p>-Comunidad privada de mujeres.<\/p>\t\t\t\t\t\t\t\t<\/div>\n\t\t\t\t<div class=\"elementor-element elementor-element-52e95da elementor-widget elementor-widget-heading\" data-id=\"52e95da\" data-element_type=\"widget\" data-e-type=\"widget\" data-widget_type=\"heading.default\">\n\t\t\t\t\t<h2 class=\"elementor-heading-title elementor-size-default\">EMPIEZA ABRIL 6\/2026<\/h2>\t\t\t\t<\/div>\n\t\t\t\t<div class=\"elementor-element elementor-element-619f313 elementor-widget elementor-widget-button\" data-id=\"619f313\" data-element_type=\"widget\" data-e-type=\"widget\" data-widget_type=\"button.default\">\n\t\t\t\t\t\t\t\t\t\t<a class=\"elementor-button elementor-button-link elementor-size-sm\" href=\"https:\/\/juliduque.com\/en\/product\/reto-my-new-era\/\">\n\t\t\t\t\t\t<span class=\"elementor-button-content-wrapper\">\n\t\t\t\t\t\t\t\t\t<span class=\"elementor-button-text\">UNIRME AL RETO A $29,99 USD<\/span>\n\t\t\t\t\t<\/span>\n\t\t\t\t\t<\/a>\n\t\t\t\t\t\t\t\t<\/div>\n\t\t\t\t<\/div>\n\t\t\t\t<\/div>\n\t\t\t\t<\/div>","protected":false},"excerpt":{"rendered":"<p>CONOCE MAS SOBRE JulianaDuque Soy Juliana Duque, y si est\u00e1s aqu\u00ed, es porque sabes que est\u00e1s lista para tu siguiente nivel: m\u00e1s conexi\u00f3n contigo, m\u00e1s equilibrio y una relaci\u00f3n diferente con tu cuerpo. Durante a\u00f1os viv\u00ed entre extremos: dietas restrictivas, atracones y ejercicio como castigo. Por fuera parec\u00eda disciplina, pero por dentro me sent\u00eda desconectada. [&hellip;]<\/p>\n","protected":false},"author":1,"featured_media":0,"parent":0,"menu_order":0,"comment_status":"closed","ping_status":"closed","template":"","meta":{"footnotes":""},"class_list":["post-2716","page","type-page","status-publish","hentry"],"_links":{"self":[{"href":"https:\/\/juliduque.com\/en\/wp-json\/wp\/v2\/pages\/2716","targetHints":{"allow":["GET"]}}],"collection":[{"href":"https:\/\/juliduque.com\/en\/wp-json\/wp\/v2\/pages"}],"about":[{"href":"https:\/\/juliduque.com\/en\/wp-json\/wp\/v2\/types\/page"}],"author":[{"embeddable":true,"href":"https:\/\/juliduque.com\/en\/wp-json\/wp\/v2\/users\/1"}],"replies":[{"embeddable":true,"href":"https:\/\/juliduque.com\/en\/wp-json\/wp\/v2\/comments?post=2716"}],"version-history":[{"count":52,"href":"https:\/\/juliduque.com\/en\/wp-json\/wp\/v2\/pages\/2716\/revisions"}],"predecessor-version":[{"id":3091,"href":"https:\/\/juliduque.com\/en\/wp-json\/wp\/v2\/pages\/2716\/revisions\/3091"}],"wp:attachment":[{"href":"https:\/\/juliduque.com\/en\/wp-json\/wp\/v2\/media?parent=2716"}],"curies":[{"name":"wp","href":"https:\/\/api.w.org\/{rel}","templated":true}]}}